{"id":1180,"date":"2025-03-04T15:06:02","date_gmt":"2025-03-04T14:06:02","guid":{"rendered":"https:\/\/trustok.eu\/?page_id=1180"},"modified":"2025-03-05T09:38:34","modified_gmt":"2025-03-05T08:38:34","slug":"kontakt-3","status":"publish","type":"page","link":"https:\/\/trustok.eu\/index.php\/rs\/kontakt-3\/","title":{"rendered":"Kontakt"},"content":{"rendered":"\t\t<div data-elementor-type=\"wp-page\" data-elementor-id=\"1180\" class=\"elementor elementor-1180\" data-elementor-post-type=\"page\">\n\t\t\t\t<div class=\"elementor-element elementor-element-f122827 e-flex e-con-boxed e-con e-parent\" data-id=\"f122827\" data-element_type=\"container\" data-settings=\"{&quot;background_background&quot;:&quot;classic&quot;}\">\n\t\t\t\t\t<div class=\"e-con-inner\">\n\t\t<div class=\"elementor-element elementor-element-a5934a1 e-con-full e-flex e-con e-child\" data-id=\"a5934a1\" data-element_type=\"container\">\n\t\t\t\t<div class=\"elementor-element elementor-element-95c6615 elementor-headline--style-highlight elementor-widget elementor-widget-animated-headline\" data-id=\"95c6615\" data-element_type=\"widget\" data-settings=\"{&quot;marker&quot;:&quot;underline&quot;,&quot;highlighted_text&quot;:&quot;TrustOK &quot;,&quot;headline_style&quot;:&quot;highlight&quot;,&quot;loop&quot;:&quot;yes&quot;,&quot;highlight_animation_duration&quot;:1200,&quot;highlight_iteration_delay&quot;:8000}\" data-widget_type=\"animated-headline.default\">\n\t\t\t\t\t\t\t<h3 class=\"elementor-headline\">\n\t\t\t\t\t<span class=\"elementor-headline-plain-text elementor-headline-text-wrapper\">Pogledajte kako<\/span>\n\t\t\t\t<span class=\"elementor-headline-dynamic-wrapper elementor-headline-text-wrapper\">\n\t\t\t\t\t<span class=\"elementor-headline-dynamic-text elementor-headline-text-active\">TrustOK <\/span>\n\t\t\t\t<\/span>\n\t\t\t\t\t<span class=\"elementor-headline-plain-text elementor-headline-text-wrapper\">radi i ve\u0107 danas rezervi\u0161ite besplatnu demonstraciju!<\/span>\n\t\t\t\t\t<\/h3>\n\t\t\t\t\t\t<\/div>\n\t\t\t\t<div class=\"elementor-element elementor-element-34ae268 elementor-widget elementor-widget-text-editor\" data-id=\"34ae268\" data-element_type=\"widget\" data-widget_type=\"text-editor.default\">\n\t\t\t\t\t\t\t\t\t<p class=\"p1\">Otkrijte kako vam TrustOK mo\u017ee pomo\u0107i da pridobijete poverenje, pobolj\u0161ate prodaju i unapredite svoj brend pomo\u0107u prilago\u0111enih re\u0161enja za recenzije. <strong>Rezervi\u0161ite sada demonstraciju sa jednim od na\u0161ih stru\u010dnjaka<\/strong> i saznajte kako mo\u017eemo da pretvorimo povratne informacije va\u0161ih kupaca u merljiv rast.<\/p>\t\t\t\t\t\t\t\t<\/div>\n\t\t\t\t<\/div>\n\t\t<div class=\"elementor-element elementor-element-570aa60 e-con-full e-flex e-con e-child\" data-id=\"570aa60\" data-element_type=\"container\" data-settings=\"{&quot;background_background&quot;:&quot;classic&quot;}\">\n\t\t\t\t<div class=\"elementor-element elementor-element-dc5dfee elementor-widget elementor-widget-html\" data-id=\"dc5dfee\" data-element_type=\"widget\" data-widget_type=\"html.default\">\n\t\t\t\t\t<div class=\"cf7sg-container\"><div id=\"cf7sg-form-free-demo-rs\" class=\"cf7-smart-grid has-grid key_free-demo-rs\">\n<div class=\"wpcf7 no-js\" id=\"wpcf7-f1303-o1\" lang=\"en-US\" dir=\"ltr\" data-wpcf7-id=\"1303\">\n<div class=\"screen-reader-response\"><p role=\"status\" aria-live=\"polite\" aria-atomic=\"true\"><\/p> <ul><\/ul><\/div>\n<form action=\"\/index.php\/wp-json\/wp\/v2\/pages\/1180#wpcf7-f1303-o1\" method=\"post\" class=\"wpcf7-form init\" aria-label=\"Contact form\" novalidate=\"novalidate\" data-status=\"init\">\n<div style=\"display: none;\">\n<input type=\"hidden\" name=\"_wpcf7\" value=\"1303\" \/>\n<input type=\"hidden\" name=\"_wpcf7_version\" value=\"6.0.4\" \/>\n<input type=\"hidden\" name=\"_wpcf7_locale\" value=\"en_US\" \/>\n<input type=\"hidden\" name=\"_wpcf7_unit_tag\" value=\"wpcf7-f1303-o1\" \/>\n<input type=\"hidden\" name=\"_wpcf7_container_post\" value=\"0\" \/>\n<input type=\"hidden\" name=\"_wpcf7_posted_data_hash\" value=\"\" \/>\n<input type=\"hidden\" name=\"_wpcf7_key\" value=\"free-demo-rs\" \/>\n<input type=\"hidden\" name=\"_cf7sg_toggles\" value=\"\" \/>\n<input type=\"hidden\" name=\"_cf7sg_version\" value=\"4.15.8\" \/>\n<input type=\"hidden\" name=\"_wpnonce\" value=\"6005f59ba4\" \/>\n<\/div>\n<div class=\"uacf7-form-1303  \"><div class=\"container\">\n  <div class=\"row\">\n    <div class=\"columns one-half\">\n      <div class=\"field\"><label for=\"\">Ime:<\/label><span class=\"wpcf7-form-control-wrap\" data-name=\"text-1\"><input size=\"40\" maxlength=\"400\" class=\"wpcf7-form-control wpcf7-text wpcf7-validates-as-required\" aria-required=\"true\" aria-invalid=\"false\" value=\"\" type=\"text\" name=\"text-1\" \/><\/span>\n        <p class=\"info-tip\"><\/p>\n      <\/div>\n    <\/div>\n    <div class=\"columns one-half\">\n      <div class=\"field\"><label for=\"\">Prezime:<\/label><span class=\"wpcf7-form-control-wrap\" data-name=\"text-2\"><input size=\"40\" maxlength=\"400\" class=\"wpcf7-form-control wpcf7-text wpcf7-validates-as-required\" aria-required=\"true\" aria-invalid=\"false\" value=\"\" type=\"text\" name=\"text-2\" \/><\/span>\n        <p class=\"info-tip\"><\/p>\n      <\/div>\n    <\/div>\n  <\/div>\n<\/div>\n<div class=\"container\">\n  <div class=\"row\">\n    <div class=\"columns one-half\">\n      <div class=\"field\"><label for=\"\">Adresa e-po\u0161te:<\/label><span class=\"wpcf7-form-control-wrap\" data-name=\"email-1\"><input size=\"40\" maxlength=\"400\" class=\"wpcf7-form-control wpcf7-email wpcf7-validates-as-required wpcf7-text wpcf7-validates-as-email\" aria-required=\"true\" aria-invalid=\"false\" value=\"\" type=\"email\" name=\"email-1\" \/><\/span>\n        <p class=\"info-tip\"><\/p>\n      <\/div>\n    <\/div>\n    <div class=\"columns one-half\">\n      <div class=\"field\"><label for=\"\">Veb-stranica:<\/label><span class=\"wpcf7-form-control-wrap\" data-name=\"text-3\"><input size=\"40\" maxlength=\"400\" class=\"wpcf7-form-control wpcf7-text wpcf7-validates-as-required\" aria-required=\"true\" aria-invalid=\"false\" value=\"\" type=\"text\" name=\"text-3\" \/><\/span>\n        <p class=\"info-tip\"><\/p>\n      <\/div>\n    <\/div>\n  <\/div>\n<\/div>\n<div class=\"container\">\n  <div class=\"row\">\n    <div class=\"columns full\">\n      <div class=\"field\"><label for=\"\"><\/label><span class=\"wpcf7-form-control-wrap\" data-name=\"acceptance-71\"><span class=\"wpcf7-form-control wpcf7-acceptance\"><span class=\"wpcf7-list-item\"><label><input type=\"checkbox\" name=\"acceptance-71\" value=\"1\" aria-invalid=\"false\" \/><span class=\"wpcf7-list-item-label\">Sla\u017eem se sa <a href=\"https:\/\/trustok.eu\/index.php\/terms-and-conditions\/\" target=\"_blank\"> Uslovima <\/a> i <a href=\"https:\/\/trustok.eu\/index.php\/privacy-policy\/\" target=\"_blank\">Politikom privatnosti<\/a>.<\/span><\/label><\/span><\/span><\/span>\n        <p class=\"info-tip\"><\/p>\n      <\/div>\n    <\/div>\n  <\/div>\n<\/div>\n<div class=\"container\">\n  <div class=\"row\">\n    <div class=\"columns full\">\n      <div class=\"field\"><label for=\"\"><\/label><input class=\"wpcf7-form-control wpcf7-submit has-spinner\" type=\"submit\" value=\"Zahtevajte besplatni demo\" \/>\n        <p class=\"info-tip\"><\/p>\n      <\/div>\n    <\/div>\n  <\/div>\n<\/div><\/div><div class=\"wpcf7-response-output\" aria-hidden=\"true\"><\/div>\n<\/form>\n<\/div>\n<\/div><\/div>\t\t\t\t<\/div>\n\t\t\t\t<\/div>\n\t\t\t\t\t<\/div>\n\t\t\t\t<\/div>\n\t\t<div class=\"elementor-element elementor-element-e4384b8 e-flex e-con-boxed e-con e-parent\" data-id=\"e4384b8\" data-element_type=\"container\" data-settings=\"{&quot;background_background&quot;:&quot;classic&quot;}\">\n\t\t\t\t\t<div class=\"e-con-inner\">\n\t\t\t\t<div class=\"elementor-element elementor-element-3776611 elementor-widget elementor-widget-heading\" data-id=\"3776611\" data-element_type=\"widget\" data-widget_type=\"heading.default\">\n\t\t\t\t\t<h6 class=\"elementor-heading-title elementor-size-default\">Ili, ako jo\u0161 niste spremni za veliki skok -<\/h6>\t\t\t\t<\/div>\n\t\t\t\t<div class=\"elementor-element elementor-element-f3fad4e elementor-headline--style-highlight elementor-widget elementor-widget-animated-headline\" data-id=\"f3fad4e\" data-element_type=\"widget\" data-settings=\"{&quot;highlighted_text&quot;:&quot;besplatnoj beloj knjizi\\u2028&quot;,&quot;headline_style&quot;:&quot;highlight&quot;,&quot;marker&quot;:&quot;circle&quot;,&quot;loop&quot;:&quot;yes&quot;,&quot;highlight_animation_duration&quot;:1200,&quot;highlight_iteration_delay&quot;:8000}\" data-widget_type=\"animated-headline.default\">\n\t\t\t\t\t\t\t<h3 class=\"elementor-headline\">\n\t\t\t\t\t<span class=\"elementor-headline-plain-text elementor-headline-text-wrapper\">pro\u010ditajte vi\u0161e informacija u na\u0161oj <\/span>\n\t\t\t\t<span class=\"elementor-headline-dynamic-wrapper elementor-headline-text-wrapper\">\n\t\t\t\t\t<span class=\"elementor-headline-dynamic-text elementor-headline-text-active\">besplatnoj beloj knjizi\u2028<\/span>\n\t\t\t\t<\/span>\n\t\t\t\t<\/h3>\n\t\t\t\t\t\t<\/div>\n\t\t\t\t\t<\/div>\n\t\t\t\t<\/div>\n\t\t<div class=\"elementor-element elementor-element-0b2010c e-flex e-con-boxed e-con e-parent\" data-id=\"0b2010c\" data-element_type=\"container\">\n\t\t\t\t\t<div class=\"e-con-inner\">\n\t\t\t\t<div class=\"elementor-element elementor-element-ca29103 elementor-widget elementor-widget-html\" data-id=\"ca29103\" data-element_type=\"widget\" data-widget_type=\"html.default\">\n\t\t\t\t\t<div class=\"cf7sg-container\"><div id=\"cf7sg-form-white-paper-rs\" class=\"cf7-smart-grid has-grid key_white-paper-rs\">\n<div class=\"wpcf7 no-js\" id=\"wpcf7-f1302-o2\" lang=\"en-US\" dir=\"ltr\" data-wpcf7-id=\"1302\">\n<div class=\"screen-reader-response\"><p role=\"status\" aria-live=\"polite\" aria-atomic=\"true\"><\/p> <ul><\/ul><\/div>\n<form action=\"\/index.php\/wp-json\/wp\/v2\/pages\/1180#wpcf7-f1302-o2\" method=\"post\" class=\"wpcf7-form init\" aria-label=\"Contact form\" novalidate=\"novalidate\" data-status=\"init\">\n<div style=\"display: none;\">\n<input type=\"hidden\" name=\"_wpcf7\" value=\"1302\" \/>\n<input type=\"hidden\" name=\"_wpcf7_version\" value=\"6.0.4\" \/>\n<input type=\"hidden\" name=\"_wpcf7_locale\" value=\"en_US\" \/>\n<input type=\"hidden\" name=\"_wpcf7_unit_tag\" value=\"wpcf7-f1302-o2\" \/>\n<input type=\"hidden\" name=\"_wpcf7_container_post\" value=\"0\" \/>\n<input type=\"hidden\" name=\"_wpcf7_posted_data_hash\" value=\"\" \/>\n<input type=\"hidden\" name=\"_wpcf7_key\" value=\"white-paper-rs\" \/>\n<input type=\"hidden\" name=\"_cf7sg_toggles\" value=\"\" \/>\n<input type=\"hidden\" name=\"_cf7sg_version\" value=\"4.15.8\" \/>\n<input type=\"hidden\" name=\"_wpnonce\" value=\"6005f59ba4\" \/>\n<\/div>\n<div class=\"uacf7-form-1302  \"><div class=\"container\">\n  <div class=\"row\">\n    <div class=\"columns one-half\">\n      <div class=\"field\"><label for=\"\">Ime:<\/label><span class=\"wpcf7-form-control-wrap\" data-name=\"text-1\"><input size=\"40\" maxlength=\"400\" class=\"wpcf7-form-control wpcf7-text wpcf7-validates-as-required\" aria-required=\"true\" aria-invalid=\"false\" value=\"\" type=\"text\" name=\"text-1\" \/><\/span>\n        <p class=\"info-tip\"><\/p>\n      <\/div>\n    <\/div>\n    <div class=\"columns one-half\">\n      <div class=\"field\"><label for=\"\">Prezime:<\/label><span class=\"wpcf7-form-control-wrap\" data-name=\"text-2\"><input size=\"40\" maxlength=\"400\" class=\"wpcf7-form-control wpcf7-text wpcf7-validates-as-required\" aria-required=\"true\" aria-invalid=\"false\" value=\"\" type=\"text\" name=\"text-2\" \/><\/span>\n        <p class=\"info-tip\"><\/p>\n      <\/div>\n    <\/div>\n  <\/div>\n<\/div>\n<div class=\"container\">\n  <div class=\"row\">\n    <div class=\"columns one-half\">\n      <div class=\"field\"><label for=\"\">Adresa e-po\u0161te:<\/label><span class=\"wpcf7-form-control-wrap\" data-name=\"email-1\"><input size=\"40\" maxlength=\"400\" class=\"wpcf7-form-control wpcf7-email wpcf7-validates-as-required wpcf7-text wpcf7-validates-as-email\" aria-required=\"true\" aria-invalid=\"false\" value=\"\" type=\"email\" name=\"email-1\" \/><\/span>\n        <p class=\"info-tip\"><\/p>\n      <\/div>\n    <\/div>\n    <div class=\"columns one-half\">\n      <div class=\"field\"><label for=\"\">Veb-stranica:<\/label><span class=\"wpcf7-form-control-wrap\" data-name=\"text-3\"><input size=\"40\" maxlength=\"400\" class=\"wpcf7-form-control wpcf7-text wpcf7-validates-as-required\" aria-required=\"true\" aria-invalid=\"false\" value=\"\" type=\"text\" name=\"text-3\" \/><\/span>\n        <p class=\"info-tip\"><\/p>\n      <\/div>\n    <\/div>\n  <\/div>\n<\/div>\n<div class=\"container\">\n  <div class=\"row\">\n    <div class=\"columns full\">\n      <div class=\"field\"><label for=\"\"><\/label><span class=\"wpcf7-form-control-wrap\" data-name=\"acceptance-71\"><span class=\"wpcf7-form-control wpcf7-acceptance\"><span class=\"wpcf7-list-item\"><label><input type=\"checkbox\" name=\"acceptance-71\" value=\"1\" aria-invalid=\"false\" \/><span class=\"wpcf7-list-item-label\">Sla\u017eem se sa <a href=\"https:\/\/trustok.eu\/index.php\/terms-and-conditions\/\" target=\"_blank\"> Uslovima <\/a> i <a href=\"https:\/\/trustok.eu\/index.php\/privacy-policy\/\" target=\"_blank\">Politikom privatnosti<\/a>.<\/span><\/label><\/span><\/span><\/span>\n        <p class=\"info-tip\"><\/p>\n      <\/div>\n    <\/div>\n  <\/div>\n<\/div>\n<div class=\"container\">\n  <div class=\"row\">\n    <div class=\"columns full\">\n      <div class=\"field\"><label for=\"\"><\/label><input class=\"wpcf7-form-control wpcf7-submit has-spinner\" type=\"submit\" value=\"Preuzmite Bijelu knjigu\" \/>\n        <p class=\"info-tip\"><\/p>\n      <\/div>\n    <\/div>\n  <\/div>\n<\/div><\/div><div class=\"wpcf7-response-output\" aria-hidden=\"true\"><\/div>\n<\/form>\n<\/div>\n<\/div><\/div>\t\t\t\t<\/div>\n\t\t\t\t\t<\/div>\n\t\t\t\t<\/div>\n\t\t<div class=\"elementor-element elementor-element-9629eaf e-flex e-con-boxed e-con e-parent\" data-id=\"9629eaf\" data-element_type=\"container\" data-settings=\"{&quot;background_background&quot;:&quot;classic&quot;}\">\n\t\t\t\t\t<div class=\"e-con-inner\">\n\t\t<div class=\"elementor-element elementor-element-42a91e1 e-con-full e-flex e-con e-child\" data-id=\"42a91e1\" data-element_type=\"container\">\n\t\t\t\t<div class=\"elementor-element elementor-element-c83b36d elementor-widget elementor-widget-heading\" data-id=\"c83b36d\" data-element_type=\"widget\" data-widget_type=\"heading.default\">\n\t\t\t\t\t<h2 class=\"elementor-heading-title elementor-size-default\">Imate konkretno pitanje?\u2028<\/h2>\t\t\t\t<\/div>\n\t\t\t\t<div class=\"elementor-element elementor-element-84a5a08 elementor-widget elementor-widget-text-editor\" data-id=\"84a5a08\" data-element_type=\"widget\" data-widget_type=\"text-editor.default\">\n\t\t\t\t\t\t\t\t\t<p class=\"p1\">Obratite nam se i na\u0161 tim \u0107e vam se javiti u najkra\u0107em mogu\u0107em roku. Tu smo da vam pomognemo ukoliko imate pitanja, \u017eelite da sara\u0111ujete sa nama ili vam je potrebna podr\u0161ka.<\/p>\t\t\t\t\t\t\t\t<\/div>\n\t\t\t\t<div class=\"elementor-element elementor-element-ac655d2 elementor-widget elementor-widget-button\" data-id=\"ac655d2\" data-element_type=\"widget\" data-widget_type=\"button.default\">\n\t\t\t\t\t\t\t\t\t\t<a class=\"elementor-button elementor-button-link elementor-size-sm\" href=\"mailto:info@trustok.eu\">\n\t\t\t\t\t\t<span class=\"elementor-button-content-wrapper\">\n\t\t\t\t\t\t\t\t\t<span class=\"elementor-button-text\">Po\u0161aljite nam poruku \u2192<\/span>\n\t\t\t\t\t<\/span>\n\t\t\t\t\t<\/a>\n\t\t\t\t\t\t\t\t<\/div>\n\t\t\t\t<\/div>\n\t\t<div class=\"elementor-element elementor-element-43f8332 e-con-full e-flex e-con e-child\" data-id=\"43f8332\" data-element_type=\"container\">\n\t\t\t\t<\/div>\n\t\t\t\t\t<\/div>\n\t\t\t\t<\/div>\n\t\t\t\t<\/div>\n\t\t","protected":false},"excerpt":{"rendered":"<p>Pogledajte kako TrustOK radi i ve\u0107 danas rezervi\u0161ite besplatnu demonstraciju! Otkrijte kako vam TrustOK mo\u017ee pomo\u0107i da pridobijete poverenje, pobolj\u0161ate prodaju i unapredite svoj brend pomo\u0107u prilago\u0111enih re\u0161enja za recenzije. Rezervi\u0161ite sada demonstraciju sa jednim od na\u0161ih stru\u010dnjaka i saznajte kako mo\u017eemo da pretvorimo povratne informacije va\u0161ih kupaca u merljiv rast. Ili, ako jo\u0161 niste [&hellip;]<\/p>\n","protected":false},"author":2,"featured_media":0,"parent":0,"menu_order":0,"comment_status":"closed","ping_status":"closed","template":"","meta":{"footnotes":""},"class_list":["post-1180","page","type-page","status-publish","hentry"],"_links":{"self":[{"href":"https:\/\/trustok.eu\/index.php\/wp-json\/wp\/v2\/pages\/1180","targetHints":{"allow":["GET"]}}],"collection":[{"href":"https:\/\/trustok.eu\/index.php\/wp-json\/wp\/v2\/pages"}],"about":[{"href":"https:\/\/trustok.eu\/index.php\/wp-json\/wp\/v2\/types\/page"}],"author":[{"embeddable":true,"href":"https:\/\/trustok.eu\/index.php\/wp-json\/wp\/v2\/users\/2"}],"replies":[{"embeddable":true,"href":"https:\/\/trustok.eu\/index.php\/wp-json\/wp\/v2\/comments?post=1180"}],"version-history":[{"count":7,"href":"https:\/\/trustok.eu\/index.php\/wp-json\/wp\/v2\/pages\/1180\/revisions"}],"predecessor-version":[{"id":1306,"href":"https:\/\/trustok.eu\/index.php\/wp-json\/wp\/v2\/pages\/1180\/revisions\/1306"}],"wp:attachment":[{"href":"https:\/\/trustok.eu\/index.php\/wp-json\/wp\/v2\/media?parent=1180"}],"curies":[{"name":"wp","href":"https:\/\/api.w.org\/{rel}","templated":true}]}}